{"id":7631,"date":"2024-03-25T14:31:55","date_gmt":"2024-03-25T12:31:55","guid":{"rendered":"https:\/\/hansaflex.sk\/?page_id=7631"},"modified":"2024-04-10T13:26:26","modified_gmt":"2024-04-10T10:26:26","slug":"engineered-by-hansa-flex","status":"publish","type":"page","link":"https:\/\/hansa-flex.sk\/de\/services\/engineering\/engineered-by-hansa-flex\/","title":{"rendered":"Engineered by HANSA-FLEX"},"content":{"rendered":"\n<p>HANSA\u2011FLEX entwickelt inhouse hochwertige Komponenten gem\u00e4\u00df eigenen Qualit\u00e4tsanforderungen. So stellen wir unabh\u00e4ngig von Lieferanten eine verl\u00e4sslich hohe Produktqualit\u00e4t sicher. Wir nennen das engineered by HANSA\u2011FLEX. Die technischen Spezifikationen bleiben immer gleich und der Qualit\u00e4tsstandard \u00fcbertrifft die gesetzlichen Normen. Unsere hochqualifizierten Ingenieure setzen in eigenen Fertigungsst\u00e4tten auch spezifische Kundenw\u00fcnsche um.<\/p>\n","protected":false},"excerpt":{"rendered":"<p>HANSA\u2011FLEX entwickelt inhouse hochwertige Komponenten gem\u00e4\u00df eigenen Qualit\u00e4tsanforderungen. So stellen wir unabh\u00e4ngig von Lieferanten eine verl\u00e4sslich hohe Produktqualit\u00e4t sicher. Wir nennen das engineered by HANSA\u2011FLEX. Die technischen Spezifikationen bleiben immer gleich und der Qualit\u00e4tsstandard \u00fcbertrifft die gesetzlichen Normen. Unsere hochqualifizierten Ingenieure setzen in eigenen Fertigungsst\u00e4tten auch spezifische Kundenw\u00fcnsche um.<\/p>\n","protected":false},"author":3,"featured_media":7632,"parent":7620,"menu_order":0,"comment_status":"closed","ping_status":"closed","template":"","meta":{"_acf_changed":true,"footnotes":""},"class_list":["post-7631","page","type-page","status-publish","has-post-thumbnail","hentry"],"acf":[],"_links":{"self":[{"href":"https:\/\/hansa-flex.sk\/de\/wp-json\/wp\/v2\/pages\/7631","targetHints":{"allow":["GET"]}}],"collection":[{"href":"https:\/\/hansa-flex.sk\/de\/wp-json\/wp\/v2\/pages"}],"about":[{"href":"https:\/\/hansa-flex.sk\/de\/wp-json\/wp\/v2\/types\/page"}],"author":[{"embeddable":true,"href":"https:\/\/hansa-flex.sk\/de\/wp-json\/wp\/v2\/users\/3"}],"replies":[{"embeddable":true,"href":"https:\/\/hansa-flex.sk\/de\/wp-json\/wp\/v2\/comments?post=7631"}],"version-history":[{"count":0,"href":"https:\/\/hansa-flex.sk\/de\/wp-json\/wp\/v2\/pages\/7631\/revisions"}],"up":[{"embeddable":true,"href":"https:\/\/hansa-flex.sk\/de\/wp-json\/wp\/v2\/pages\/7620"}],"wp:featuredmedia":[{"embeddable":true,"href":"https:\/\/hansa-flex.sk\/de\/wp-json\/wp\/v2\/media\/7632"}],"wp:attachment":[{"href":"https:\/\/hansa-flex.sk\/de\/wp-json\/wp\/v2\/media?parent=7631"}],"curies":[{"name":"wp","href":"https:\/\/api.w.org\/{rel}","templated":true}]}}