{"id":7606,"date":"2024-03-25T12:51:26","date_gmt":"2024-03-25T10:51:26","guid":{"rendered":"https:\/\/hansaflex.sk\/?page_id=7606"},"modified":"2024-04-10T13:22:22","modified_gmt":"2024-04-10T10:22:22","slug":"werk-in-werk","status":"publish","type":"page","link":"https:\/\/hansa-flex.sk\/de\/services\/logistikloesungen\/werk-in-werk\/","title":{"rendered":"Werk-in-Werk"},"content":{"rendered":"\n<p>Sofort verf\u00fcgbare Materialien und Komponenten \u2013 das ist der gro\u00dfe Vorteil der Werk-in-Werk-Fertigung von HANSA\u2011FLEX. In der integrierten Fertigungsst\u00e4tte stehen Ihnen unsere Mitarbeiter vor Ort zur Verf\u00fcgung. Sie stellen die ben\u00f6tigten Komponenten just-in-sequence f\u00fcr Ihre Produktion zur Verf\u00fcgung. Dank unserer langj\u00e4hrigen Erfahrung bringen wir eine hohe L\u00f6sungskompetenz f\u00fcr die Fertigung von Hydraulikschl\u00e4uchen- und -komponenten mit.<\/p>\n","protected":false},"excerpt":{"rendered":"<p>Sofort verf\u00fcgbare Materialien und Komponenten \u2013 das ist der gro\u00dfe Vorteil der Werk-in-Werk-Fertigung von HANSA\u2011FLEX. In der integrierten Fertigungsst\u00e4tte stehen Ihnen unsere Mitarbeiter vor Ort zur Verf\u00fcgung. Sie stellen die ben\u00f6tigten Komponenten just-in-sequence f\u00fcr Ihre Produktion zur Verf\u00fcgung. Dank unserer langj\u00e4hrigen Erfahrung bringen wir eine hohe L\u00f6sungskompetenz f\u00fcr die Fertigung von Hydraulikschl\u00e4uchen- und -komponenten mit.<\/p>\n","protected":false},"author":3,"featured_media":7607,"parent":7556,"menu_order":0,"comment_status":"closed","ping_status":"closed","template":"","meta":{"_acf_changed":true,"footnotes":""},"class_list":["post-7606","page","type-page","status-publish","has-post-thumbnail","hentry"],"acf":[],"_links":{"self":[{"href":"https:\/\/hansa-flex.sk\/de\/wp-json\/wp\/v2\/pages\/7606","targetHints":{"allow":["GET"]}}],"collection":[{"href":"https:\/\/hansa-flex.sk\/de\/wp-json\/wp\/v2\/pages"}],"about":[{"href":"https:\/\/hansa-flex.sk\/de\/wp-json\/wp\/v2\/types\/page"}],"author":[{"embeddable":true,"href":"https:\/\/hansa-flex.sk\/de\/wp-json\/wp\/v2\/users\/3"}],"replies":[{"embeddable":true,"href":"https:\/\/hansa-flex.sk\/de\/wp-json\/wp\/v2\/comments?post=7606"}],"version-history":[{"count":0,"href":"https:\/\/hansa-flex.sk\/de\/wp-json\/wp\/v2\/pages\/7606\/revisions"}],"up":[{"embeddable":true,"href":"https:\/\/hansa-flex.sk\/de\/wp-json\/wp\/v2\/pages\/7556"}],"wp:featuredmedia":[{"embeddable":true,"href":"https:\/\/hansa-flex.sk\/de\/wp-json\/wp\/v2\/media\/7607"}],"wp:attachment":[{"href":"https:\/\/hansa-flex.sk\/de\/wp-json\/wp\/v2\/media?parent=7606"}],"curies":[{"name":"wp","href":"https:\/\/api.w.org\/{rel}","templated":true}]}}