{"id":7539,"date":"2024-03-25T11:02:19","date_gmt":"2024-03-25T09:02:19","guid":{"rendered":"https:\/\/hansaflex.sk\/?page_id=7539"},"modified":"2024-04-10T13:00:11","modified_gmt":"2024-04-10T10:00:11","slug":"druckspeicher-und-druckspeicheranlagen","status":"publish","type":"page","link":"https:\/\/hansa-flex.sk\/de\/services\/reparatur-und-ueberholung\/druckspeicher-und-druckspeicheranlagen\/","title":{"rendered":"Druckspeicher und Druckspeicheranlagen"},"content":{"rendered":"\n<p>F\u00fcr einen sicheren und zuverl\u00e4ssigen Betrieb von Druckspeicheranlagen sind regelm\u00e4\u00dfige Instandhaltungsarbeiten wie eine F\u00fcllstands- und Druckkontrolle der Gasf\u00fcllung durchzuf\u00fchren. Die Wartung und Reparatur von Druckspeichern erfordert spezielle Kenntnisse und darf daher nur von bef\u00e4higten Personen f\u00fcr Druckger\u00e4te gem\u00e4\u00df der europ\u00e4ischen Druckger\u00e4terichtlinie und der Betriebssicherheitsverordnung durchgef\u00fchrt werden.<\/p>\n","protected":false},"excerpt":{"rendered":"<p>F\u00fcr einen sicheren und zuverl\u00e4ssigen Betrieb von Druckspeicheranlagen sind regelm\u00e4\u00dfige Instandhaltungsarbeiten wie eine F\u00fcllstands- und Druckkontrolle der Gasf\u00fcllung durchzuf\u00fchren. Die Wartung und Reparatur von Druckspeichern erfordert spezielle Kenntnisse und darf daher nur von bef\u00e4higten Personen f\u00fcr Druckger\u00e4te gem\u00e4\u00df der europ\u00e4ischen Druckger\u00e4terichtlinie und der Betriebssicherheitsverordnung durchgef\u00fchrt werden.<\/p>\n","protected":false},"author":3,"featured_media":7540,"parent":7525,"menu_order":0,"comment_status":"closed","ping_status":"closed","template":"","meta":{"_acf_changed":true,"footnotes":""},"class_list":["post-7539","page","type-page","status-publish","has-post-thumbnail","hentry"],"acf":[],"_links":{"self":[{"href":"https:\/\/hansa-flex.sk\/de\/wp-json\/wp\/v2\/pages\/7539","targetHints":{"allow":["GET"]}}],"collection":[{"href":"https:\/\/hansa-flex.sk\/de\/wp-json\/wp\/v2\/pages"}],"about":[{"href":"https:\/\/hansa-flex.sk\/de\/wp-json\/wp\/v2\/types\/page"}],"author":[{"embeddable":true,"href":"https:\/\/hansa-flex.sk\/de\/wp-json\/wp\/v2\/users\/3"}],"replies":[{"embeddable":true,"href":"https:\/\/hansa-flex.sk\/de\/wp-json\/wp\/v2\/comments?post=7539"}],"version-history":[{"count":0,"href":"https:\/\/hansa-flex.sk\/de\/wp-json\/wp\/v2\/pages\/7539\/revisions"}],"up":[{"embeddable":true,"href":"https:\/\/hansa-flex.sk\/de\/wp-json\/wp\/v2\/pages\/7525"}],"wp:featuredmedia":[{"embeddable":true,"href":"https:\/\/hansa-flex.sk\/de\/wp-json\/wp\/v2\/media\/7540"}],"wp:attachment":[{"href":"https:\/\/hansa-flex.sk\/de\/wp-json\/wp\/v2\/media?parent=7539"}],"curies":[{"name":"wp","href":"https:\/\/api.w.org\/{rel}","templated":true}]}}