{"id":7330,"date":"2024-03-22T17:49:46","date_gmt":"2024-03-22T15:49:46","guid":{"rendered":"https:\/\/hansaflex.sk\/?page_id=7330"},"modified":"2024-04-17T18:52:19","modified_gmt":"2024-04-17T16:52:19","slug":"schlauchmanagement","status":"publish","type":"page","link":"https:\/\/hansa-flex.sk\/de\/services\/vorbeugende-instandhaltung\/schlauchmanagement\/","title":{"rendered":"Schlauchmanagement"},"content":{"rendered":"\n<p>Hydraulik-Schlauchleitungen sind stark beanspruchte Arbeitsmittel. Sie m\u00fcssen regelm\u00e4\u00dfig gepr\u00fcft und rechtzeitig ausgetauscht werden, um Gefahren f\u00fcr Mensch und Maschine zu vermeiden.<\/p>\n","protected":false},"excerpt":{"rendered":"<p>Hydraulik-Schlauchleitungen sind stark beanspruchte Arbeitsmittel. Sie m\u00fcssen regelm\u00e4\u00dfig gepr\u00fcft und rechtzeitig ausgetauscht werden, um Gefahren f\u00fcr Mensch und Maschine zu vermeiden.<\/p>\n","protected":false},"author":3,"featured_media":7331,"parent":7321,"menu_order":0,"comment_status":"closed","ping_status":"closed","template":"","meta":{"_acf_changed":true,"footnotes":""},"class_list":["post-7330","page","type-page","status-publish","has-post-thumbnail","hentry"],"acf":[],"_links":{"self":[{"href":"https:\/\/hansa-flex.sk\/de\/wp-json\/wp\/v2\/pages\/7330","targetHints":{"allow":["GET"]}}],"collection":[{"href":"https:\/\/hansa-flex.sk\/de\/wp-json\/wp\/v2\/pages"}],"about":[{"href":"https:\/\/hansa-flex.sk\/de\/wp-json\/wp\/v2\/types\/page"}],"author":[{"embeddable":true,"href":"https:\/\/hansa-flex.sk\/de\/wp-json\/wp\/v2\/users\/3"}],"replies":[{"embeddable":true,"href":"https:\/\/hansa-flex.sk\/de\/wp-json\/wp\/v2\/comments?post=7330"}],"version-history":[{"count":0,"href":"https:\/\/hansa-flex.sk\/de\/wp-json\/wp\/v2\/pages\/7330\/revisions"}],"up":[{"embeddable":true,"href":"https:\/\/hansa-flex.sk\/de\/wp-json\/wp\/v2\/pages\/7321"}],"wp:featuredmedia":[{"embeddable":true,"href":"https:\/\/hansa-flex.sk\/de\/wp-json\/wp\/v2\/media\/7331"}],"wp:attachment":[{"href":"https:\/\/hansa-flex.sk\/de\/wp-json\/wp\/v2\/media?parent=7330"}],"curies":[{"name":"wp","href":"https:\/\/api.w.org\/{rel}","templated":true}]}}