{"id":7124,"date":"2024-03-21T16:00:43","date_gmt":"2024-03-21T14:00:43","guid":{"rendered":"https:\/\/hansaflex.sk\/?page_id=7124"},"modified":"2024-04-10T00:44:50","modified_gmt":"2024-04-09T21:44:50","slug":"druckspeicher","status":"publish","type":"page","link":"https:\/\/hansa-flex.sk\/de\/produkte\/antriebs-und-steuerungstechnik\/druckspeicher\/","title":{"rendered":"Druckspeicher"},"content":{"rendered":"\n<p>Druckspeicher dienen als Ausgleichsbeh\u00e4lter und nivellieren temperaturbedingte Volumen\u00e4nderungen sowie Druckspitzen in Hydrauliksystemen. Als Pufferspeicher nehmen sie zudem die durch Druck\u00e4nderungen entstehende Energie auf und geben sie bei Bedarf wieder ab.<\/p>\n","protected":false},"excerpt":{"rendered":"<p>Druckspeicher dienen als Ausgleichsbeh\u00e4lter und nivellieren temperaturbedingte Volumen\u00e4nderungen sowie Druckspitzen in Hydrauliksystemen. Als Pufferspeicher nehmen sie zudem die durch Druck\u00e4nderungen entstehende Energie auf und geben sie bei Bedarf wieder ab.<\/p>\n","protected":false},"author":3,"featured_media":6149,"parent":6991,"menu_order":0,"comment_status":"closed","ping_status":"closed","template":"","meta":{"_acf_changed":true,"footnotes":""},"class_list":["post-7124","page","type-page","status-publish","has-post-thumbnail","hentry"],"acf":[],"_links":{"self":[{"href":"https:\/\/hansa-flex.sk\/de\/wp-json\/wp\/v2\/pages\/7124","targetHints":{"allow":["GET"]}}],"collection":[{"href":"https:\/\/hansa-flex.sk\/de\/wp-json\/wp\/v2\/pages"}],"about":[{"href":"https:\/\/hansa-flex.sk\/de\/wp-json\/wp\/v2\/types\/page"}],"author":[{"embeddable":true,"href":"https:\/\/hansa-flex.sk\/de\/wp-json\/wp\/v2\/users\/3"}],"replies":[{"embeddable":true,"href":"https:\/\/hansa-flex.sk\/de\/wp-json\/wp\/v2\/comments?post=7124"}],"version-history":[{"count":0,"href":"https:\/\/hansa-flex.sk\/de\/wp-json\/wp\/v2\/pages\/7124\/revisions"}],"up":[{"embeddable":true,"href":"https:\/\/hansa-flex.sk\/de\/wp-json\/wp\/v2\/pages\/6991"}],"wp:featuredmedia":[{"embeddable":true,"href":"https:\/\/hansa-flex.sk\/de\/wp-json\/wp\/v2\/media\/6149"}],"wp:attachment":[{"href":"https:\/\/hansa-flex.sk\/de\/wp-json\/wp\/v2\/media?parent=7124"}],"curies":[{"name":"wp","href":"https:\/\/api.w.org\/{rel}","templated":true}]}}