{"id":5572,"date":"2024-03-10T20:25:58","date_gmt":"2024-03-10T18:25:58","guid":{"rendered":"https:\/\/hansaflex.sk\/?page_id=5572"},"modified":"2024-03-31T22:43:42","modified_gmt":"2024-03-31T19:43:42","slug":"maritime-wirtschaft","status":"publish","type":"page","link":"https:\/\/hansa-flex.sk\/de\/company\/referenzen\/maritime-wirtschaft\/","title":{"rendered":"Maritime Wirtschaft"},"content":{"rendered":"\n<p>In maritimen Umgebungen werden Hydraulikkomponenten durch Sonne, Regen und Salzwasser besonders stark beansprucht.\u00a0HANSA\u2011FLEX\u00a0bietet ein breites Produktportfolio, welches an die rauen Bedingungen angepasst ist und die Vorgaben der Klassifizierungsgesellschaften erf\u00fcllt. Als Servicepartner unterst\u00fctzen wir unsere Kunden bei Montage, Wartung und Instandhaltung. Erfahren Sie mehr \u00fcber die Arbeit unserer Mitarbeiter an K\u00fcsten, auf Fl\u00fcssen und der See.<\/p>\n","protected":false},"excerpt":{"rendered":"<p>In maritimen Umgebungen werden Hydraulikkomponenten durch Sonne, Regen und Salzwasser besonders stark beansprucht.\u00a0HANSA\u2011FLEX\u00a0bietet ein breites Produktportfolio, welches an die rauen Bedingungen angepasst ist und die Vorgaben der Klassifizierungsgesellschaften erf\u00fcllt. Als Servicepartner unterst\u00fctzen wir unsere Kunden bei Montage, Wartung und Instandhaltung. Erfahren Sie mehr \u00fcber die Arbeit unserer Mitarbeiter an K\u00fcsten, auf Fl\u00fcssen und der See.<\/p>\n","protected":false},"author":1,"featured_media":5302,"parent":5559,"menu_order":1,"comment_status":"closed","ping_status":"closed","template":"","meta":{"_acf_changed":false,"footnotes":""},"class_list":["post-5572","page","type-page","status-publish","has-post-thumbnail","hentry"],"acf":[],"_links":{"self":[{"href":"https:\/\/hansa-flex.sk\/de\/wp-json\/wp\/v2\/pages\/5572","targetHints":{"allow":["GET"]}}],"collection":[{"href":"https:\/\/hansa-flex.sk\/de\/wp-json\/wp\/v2\/pages"}],"about":[{"href":"https:\/\/hansa-flex.sk\/de\/wp-json\/wp\/v2\/types\/page"}],"author":[{"embeddable":true,"href":"https:\/\/hansa-flex.sk\/de\/wp-json\/wp\/v2\/users\/1"}],"replies":[{"embeddable":true,"href":"https:\/\/hansa-flex.sk\/de\/wp-json\/wp\/v2\/comments?post=5572"}],"version-history":[{"count":0,"href":"https:\/\/hansa-flex.sk\/de\/wp-json\/wp\/v2\/pages\/5572\/revisions"}],"up":[{"embeddable":true,"href":"https:\/\/hansa-flex.sk\/de\/wp-json\/wp\/v2\/pages\/5559"}],"wp:featuredmedia":[{"embeddable":true,"href":"https:\/\/hansa-flex.sk\/de\/wp-json\/wp\/v2\/media\/5302"}],"wp:attachment":[{"href":"https:\/\/hansa-flex.sk\/de\/wp-json\/wp\/v2\/media?parent=5572"}],"curies":[{"name":"wp","href":"https:\/\/api.w.org\/{rel}","templated":true}]}}